{"id":166,"date":"2021-11-13T12:19:32","date_gmt":"2021-11-13T11:19:32","guid":{"rendered":"https:\/\/ppa-distribution.ch\/?page_id=166"},"modified":"2026-02-06T14:35:48","modified_gmt":"2026-02-06T13:35:48","slug":"horaire","status":"publish","type":"page","link":"https:\/\/ppa-distribution.ch\/?page_id=166","title":{"rendered":"Horaires &#038; acc\u00e8s"},"content":{"rendered":"<h4><strong>Horaires sp\u00e9ciaux durant les Brandons 2026<\/strong><\/h4>\n<ul>\n<li style=\"text-align: left;\">\n<h4><span style=\"color: #ee7600;\">Jeudi 19 f\u00e9vrier : Normal : 07h00-21h00<\/span><\/h4>\n<\/li>\n<li style=\"text-align: left;\">\n<h4><span style=\"color: #ee7600;\">Vendredi 20 f\u00e9vrier : Partiel 07h00-18h00<\/span><\/h4>\n<\/li>\n<li style=\"text-align: left;\">\n<h4><span style=\"color: #ee7600;\">Samedi 21 f\u00e9vrier : Ferm\u00e9 <span style=\"color: #ff00ff;\">**<\/span><\/span><\/h4>\n<\/li>\n<li>\n<h4><span style=\"color: #ee7600;\">Dimanche 22 f\u00e9vrier : Ferm\u00e9 <span style=\"color: #ff00ff;\">**<\/span><\/span><\/h4>\n<\/li>\n<li>\n<h4><span style=\"color: #ee7600;\">Lundi 23 f\u00e9vrier : Ferm\u00e9 <span style=\"color: #ff0000;\">*<\/span><\/span><\/h4>\n<\/li>\n<\/ul>\n<p><span style=\"color: #ff0000;\">* En fonction du temps et de la fr\u00e9quentation, ouverture possible Lundi 12h00-21h00<\/span><\/p>\n<p><span style=\"color: #ff00ff;\">** Pour les urgences et demandes particuli\u00e8res, l&rsquo;ouverture est possible sur demande au 079 618 83 59<\/span><\/p>\n<hr \/>\n<h4><strong>Horaire normal<\/strong><\/h4>\n<ul>\n<li style=\"text-align: left;\">\n<h4><span style=\"color: #ee7600;\">Du lundi au vendredi : 07h00-21h00<\/span><\/h4>\n<\/li>\n<li style=\"text-align: left;\">\n<h4><span style=\"color: #ee7600;\">Samedi et dimanche : 09h00-21h00<\/span><\/h4>\n<\/li>\n<li style=\"text-align: left;\">\n<h4><span style=\"color: #ee7600;\">Jours f\u00e9ri\u00e9s : selon horaire du jour de la semaine<\/span><\/h4>\n<\/li>\n<\/ul>\n<hr \/>\n<h4><strong>Urgences<\/strong><\/h4>\n<h4><span style=\"color: #0000ff;\">Pour les urgences, <span style=\"color: #ee7600;\">l&rsquo;ouverture est possible sur demande<\/span> au 079 618 83 59<\/span><\/h4>\n<hr \/>\n<h4><strong>Acc\u00e8s<\/strong><\/h4>\n<h5><span style=\"color: #0000ff;\">PPA Wash<br \/>\n<\/span><span style=\"color: #0000ff;\">Place de la Concorde 21<\/span><br \/>\n<span style=\"color: #0000ff;\">1530 Payerne<\/span><\/h5>\n<p style=\"text-align: left;\"><iframe loading=\"lazy\" style=\"border: 0;\" src=\"https:\/\/www.google.com\/maps\/embed?pb=!1m18!1m12!1m3!1d1365.1037854622973!2d6.937512919128038!3d46.819912350380385!2m3!1f0!2f0!3f0!3m2!1i1024!2i768!4f13.1!3m3!1m2!1s0x478e77198a84e721%3A0x7376983f4eaa82b9!2sLaverie%20Payerne%20PPA!5e0!3m2!1sfr!2sch!4v1659102294553!5m2!1sfr!2sch\" width=\"300\" height=\"225\" allowfullscreen=\"allowfullscreen\"><\/iframe><\/p>\n<h5><\/h5>\n","protected":false},"excerpt":{"rendered":"<p>Horaires sp\u00e9ciaux durant les Brandons 2026 Jeudi 19 f\u00e9vrier : Normal : 07h00-21h00 Vendredi 20 f\u00e9vrier : Partiel 07h00-18h00 Samedi 21 f\u00e9vrier : Ferm\u00e9 ** Dimanche 22 f\u00e9vrier : Ferm\u00e9 ** Lundi 23 f\u00e9vrier : Ferm\u00e9 * * En fonction du temps et de la fr\u00e9quentation, ouverture possible Lundi 12h00-21h00 ** Pour les urgences et demandes particuli\u00e8res, l&rsquo;ouverture est possible sur demande au 079 618 [&hellip;]<\/p>\n","protected":false},"author":1,"featured_media":0,"parent":29,"menu_order":32,"comment_status":"closed","ping_status":"closed","template":"","meta":{"footnotes":""},"class_list":["post-166","page","type-page","status-publish","hentry"],"_links":{"self":[{"href":"https:\/\/ppa-distribution.ch\/index.php?rest_route=\/wp\/v2\/pages\/166","targetHints":{"allow":["GET"]}}],"collection":[{"href":"https:\/\/ppa-distribution.ch\/index.php?rest_route=\/wp\/v2\/pages"}],"about":[{"href":"https:\/\/ppa-distribution.ch\/index.php?rest_route=\/wp\/v2\/types\/page"}],"author":[{"embeddable":true,"href":"https:\/\/ppa-distribution.ch\/index.php?rest_route=\/wp\/v2\/users\/1"}],"replies":[{"embeddable":true,"href":"https:\/\/ppa-distribution.ch\/index.php?rest_route=%2Fwp%2Fv2%2Fcomments&post=166"}],"version-history":[{"count":66,"href":"https:\/\/ppa-distribution.ch\/index.php?rest_route=\/wp\/v2\/pages\/166\/revisions"}],"predecessor-version":[{"id":1148,"href":"https:\/\/ppa-distribution.ch\/index.php?rest_route=\/wp\/v2\/pages\/166\/revisions\/1148"}],"up":[{"embeddable":true,"href":"https:\/\/ppa-distribution.ch\/index.php?rest_route=\/wp\/v2\/pages\/29"}],"wp:attachment":[{"href":"https:\/\/ppa-distribution.ch\/index.php?rest_route=%2Fwp%2Fv2%2Fmedia&parent=166"}],"curies":[{"name":"wp","href":"https:\/\/api.w.org\/{rel}","templated":true}]}}