{"id":168,"date":"2021-11-13T12:21:17","date_gmt":"2021-11-13T11:21:17","guid":{"rendered":"https:\/\/ppa-distribution.ch\/?page_id=168"},"modified":"2023-09-23T09:59:54","modified_gmt":"2023-09-23T07:59:54","slug":"equipement","status":"publish","type":"page","link":"https:\/\/ppa-distribution.ch\/?page_id=168","title":{"rendered":"Equipement"},"content":{"rendered":"<ul>\n<li style=\"list-style-type: none;\">\n<ul>\n<li>\n<h5><span style=\"color: #0000ff;\">3 machines \u00e0 laver professionnelles de grande capacit\u00e9 3 IY80 8 KG, avec gros hublot<br \/>\n<\/span><\/h5>\n<\/li>\n<li>\n<h5><span style=\"color: #0000ff;\">2 machines XXL IY105 10,5 KG, avec gros hublot pour vos couettes, doudounes et affaires de travail<\/span><\/h5>\n<\/li>\n<li>\n<h5><span style=\"color: #0000ff;\">2 doubles s\u00e9choirs de 20 KG chacun<br \/>\n<\/span><\/h5>\n<\/li>\n<li>\n<h5><span style=\"color: #0000ff;\">1 tableau de commande multiservices<\/span><\/h5>\n<\/li>\n<li>\n<h5><span style=\"color: #0000ff;\">1 table de pliage<\/span><\/h5>\n<\/li>\n<li>\n<h5><span style=\"color: #0000ff;\">1 Tout-O-Mat magasin automatique pour l&rsquo;achat de tout ce qu&rsquo;il faut pour le lavage<\/span><\/h5>\n<\/li>\n<li>\n<h5><span style=\"color: #ff9900;\">Nos installations sont accessibles aux personnes \u00e0 mobilit\u00e9 r\u00e9duite.<\/span><\/h5>\n<\/li>\n<\/ul>\n<\/li>\n<\/ul>\n<p>&nbsp;<\/p>\n<p><img loading=\"lazy\" decoding=\"async\" class=\"size-full wp-image-547 aligncenter\" src=\"https:\/\/ppa-distribution.ch\/wp-content\/uploads\/2022\/06\/washer-and-dryer.png\" alt=\"\" width=\"599\" height=\"284\" \/><\/p>\n","protected":false},"excerpt":{"rendered":"<p>3 machines \u00e0 laver professionnelles de grande capacit\u00e9 3 IY80 8 KG, avec gros hublot 2 machines XXL IY105 10,5 KG, avec gros hublot pour vos couettes, doudounes et affaires de travail 2 doubles s\u00e9choirs de 20 KG chacun 1 tableau de commande multiservices 1 table de pliage 1 Tout-O-Mat magasin automatique pour l&rsquo;achat de tout ce qu&rsquo;il faut pour le lavage Nos installations sont [&hellip;]<\/p>\n","protected":false},"author":1,"featured_media":0,"parent":29,"menu_order":33,"comment_status":"closed","ping_status":"closed","template":"","meta":{"footnotes":""},"class_list":["post-168","page","type-page","status-publish","hentry"],"_links":{"self":[{"href":"https:\/\/ppa-distribution.ch\/index.php?rest_route=\/wp\/v2\/pages\/168","targetHints":{"allow":["GET"]}}],"collection":[{"href":"https:\/\/ppa-distribution.ch\/index.php?rest_route=\/wp\/v2\/pages"}],"about":[{"href":"https:\/\/ppa-distribution.ch\/index.php?rest_route=\/wp\/v2\/types\/page"}],"author":[{"embeddable":true,"href":"https:\/\/ppa-distribution.ch\/index.php?rest_route=\/wp\/v2\/users\/1"}],"replies":[{"embeddable":true,"href":"https:\/\/ppa-distribution.ch\/index.php?rest_route=%2Fwp%2Fv2%2Fcomments&post=168"}],"version-history":[{"count":16,"href":"https:\/\/ppa-distribution.ch\/index.php?rest_route=\/wp\/v2\/pages\/168\/revisions"}],"predecessor-version":[{"id":908,"href":"https:\/\/ppa-distribution.ch\/index.php?rest_route=\/wp\/v2\/pages\/168\/revisions\/908"}],"up":[{"embeddable":true,"href":"https:\/\/ppa-distribution.ch\/index.php?rest_route=\/wp\/v2\/pages\/29"}],"wp:attachment":[{"href":"https:\/\/ppa-distribution.ch\/index.php?rest_route=%2Fwp%2Fv2%2Fmedia&parent=168"}],"curies":[{"name":"wp","href":"https:\/\/api.w.org\/{rel}","templated":true}]}}