{"id":327,"date":"2021-12-22T09:12:42","date_gmt":"2021-12-22T08:12:42","guid":{"rendered":"https:\/\/ppa-distribution.ch\/?page_id=327"},"modified":"2024-06-17T13:54:51","modified_gmt":"2024-06-17T11:54:51","slug":"services","status":"publish","type":"page","link":"https:\/\/ppa-distribution.ch\/?page_id=327","title":{"rendered":"Services"},"content":{"rendered":"<h4><span style=\"color: #ff0000;\">! NOUVEAU SERVICE !<\/span><\/h4>\n<h4><span style=\"color: #3366ff;\">Service personnalis\u00e9 pour:<\/span><\/h4>\n<ul>\n<li>\n<h4><span style=\"color: #ff6600;\">Priv\u00e9s<\/span><\/h4>\n<\/li>\n<li>\n<h4><span style=\"color: #ff6600;\">Entreprises<\/span><\/h4>\n<\/li>\n<li>\n<h4><span style=\"color: #ff6600;\">Professionnels<\/span><\/h4>\n<\/li>\n<li>\n<h4><span style=\"color: #ff6600;\">Fondations<\/span><\/h4>\n<\/li>\n<li>\n<h4><span style=\"color: #ff6600;\">Institutions<\/span><\/h4>\n<\/li>\n<\/ul>\n<h4><span style=\"color: #3366ff;\">Avec une capacit\u00e9 de <span style=\"color: #ff6600;\">50 kg\/heure<\/span> tout est bas\u00e9 sur des forfaits.<\/span><\/h4>\n<p>&nbsp;<\/p>\n<ul>\n<li>\n<h5><span style=\"color: #0000ff;\">Nos installations sont accessibles aux <span style=\"color: #ff6600;\">personnes \u00e0 mobilit\u00e9 r\u00e9duite<\/span><\/span><\/h5>\n<\/li>\n<li>\n<h5><span style=\"color: #0000ff;\"><span style=\"color: #ff6600;\">D\u00e9pannage<\/span> et maintenance <span style=\"color: #ff6600;\">7\/7<\/span><\/span><span style=\"color: #0000ff;\"><br \/>\n<\/span><\/h5>\n<\/li>\n<li>\n<h5><span style=\"color: #0000ff;\"><span style=\"color: #ff6600;\">Assistance<\/span> sur place sur demande (sur rendez-vous)<br \/>\n<\/span><\/h5>\n<\/li>\n<li>\n<h5><span style=\"color: #0000ff;\"><span style=\"color: #ff6600;\">Tout-O-Mat<\/span> : magasin automatique pour l\u2019achat de tout ce qu\u2019il faut pour le lavage<\/span><\/h5>\n<\/li>\n<li>\n<h5><span style=\"color: #0000ff;\">Payement en <span style=\"color: #ff6600;\">monnaie<\/span>, par <span style=\"color: #ff6600;\">carte<\/span> ou par <span style=\"color: #ff6600;\">Twint <span style=\"color: #ff0000;\">-&gt;<\/span> <a style=\"color: #ff6600;\" href=\"https:\/\/ppa-distribution.ch\/x_docs\/moyens-payement.pdf\" target=\"_blank\" rel=\"noopener\"><span style=\"color: #0000ff;\">En savoir davantage<\/span><\/a><\/span><\/span><\/h5>\n<\/li>\n<li>\n<h5><span style=\"color: #0000ff;\">Payement par<\/span> <span style=\"color: #ff6600;\">carte de fid\u00e9lit\u00e9<\/span> <span style=\"color: #0000ff;\">rechargeable <span style=\"color: #ff0000;\">-&gt;<\/span> <span style=\"color: #ff6600;\"><a style=\"color: #ff6600;\" href=\"https:\/\/ppa-distribution.ch\/x_docs\/cartes-fid\u00e9lit\u00e9s.pdf\" target=\"_blank\" rel=\"noopener\">En savoir davantage<\/a><\/span><br \/>\n<\/span><\/h5>\n<\/li>\n<li>\n<h5><a style=\"color: #ff6600;\" href=\"https:\/\/ppa-distribution.ch\/x_docs\/QR_suivi_machine.pdf\" target=\"_blank\" rel=\"noopener\"><span style=\"color: #0000ff;\"><span style=\"color: #ff6600;\">[Lien vers le] <\/span>Code QR<\/span> pour le suivi de votre machine<\/a><\/h5>\n<\/li>\n<li>\n<h5><span style=\"color: #0000ff;\">Espace<\/span> <span style=\"color: #ff6600;\">d\u00e9tente<\/span><\/h5>\n<\/li>\n<li>\n<h5><span style=\"color: #0000ff;\">Espace<\/span> <span style=\"color: #ff6600;\">enfants<\/span><\/h5>\n<\/li>\n<\/ul>\n<p>&nbsp;<\/p>\n<p><img loading=\"lazy\" decoding=\"async\" class=\"size-full wp-image-544 aligncenter\" src=\"https:\/\/ppa-distribution.ch\/wp-content\/uploads\/2022\/06\/laundry-clipart-2.jpg\" alt=\"\" width=\"405\" height=\"191\" \/><\/p>\n","protected":false},"excerpt":{"rendered":"<p>! NOUVEAU SERVICE ! Service personnalis\u00e9 pour: Priv\u00e9s Entreprises Professionnels Fondations Institutions Avec une capacit\u00e9 de 50 kg\/heure tout est bas\u00e9 sur des forfaits. &nbsp; Nos installations sont accessibles aux personnes \u00e0 mobilit\u00e9 r\u00e9duite D\u00e9pannage et maintenance 7\/7 Assistance sur place sur demande (sur rendez-vous) Tout-O-Mat : magasin automatique pour l\u2019achat de tout ce qu\u2019il faut pour le lavage Payement en monnaie, par carte ou [&hellip;]<\/p>\n","protected":false},"author":1,"featured_media":0,"parent":29,"menu_order":35,"comment_status":"closed","ping_status":"closed","template":"","meta":{"footnotes":""},"class_list":["post-327","page","type-page","status-publish","hentry"],"_links":{"self":[{"href":"https:\/\/ppa-distribution.ch\/index.php?rest_route=\/wp\/v2\/pages\/327","targetHints":{"allow":["GET"]}}],"collection":[{"href":"https:\/\/ppa-distribution.ch\/index.php?rest_route=\/wp\/v2\/pages"}],"about":[{"href":"https:\/\/ppa-distribution.ch\/index.php?rest_route=\/wp\/v2\/types\/page"}],"author":[{"embeddable":true,"href":"https:\/\/ppa-distribution.ch\/index.php?rest_route=\/wp\/v2\/users\/1"}],"replies":[{"embeddable":true,"href":"https:\/\/ppa-distribution.ch\/index.php?rest_route=%2Fwp%2Fv2%2Fcomments&post=327"}],"version-history":[{"count":29,"href":"https:\/\/ppa-distribution.ch\/index.php?rest_route=\/wp\/v2\/pages\/327\/revisions"}],"predecessor-version":[{"id":1042,"href":"https:\/\/ppa-distribution.ch\/index.php?rest_route=\/wp\/v2\/pages\/327\/revisions\/1042"}],"up":[{"embeddable":true,"href":"https:\/\/ppa-distribution.ch\/index.php?rest_route=\/wp\/v2\/pages\/29"}],"wp:attachment":[{"href":"https:\/\/ppa-distribution.ch\/index.php?rest_route=%2Fwp%2Fv2%2Fmedia&parent=327"}],"curies":[{"name":"wp","href":"https:\/\/api.w.org\/{rel}","templated":true}]}}