{"id":478,"date":"2022-06-18T18:08:05","date_gmt":"2022-06-18T16:08:05","guid":{"rendered":"https:\/\/ppa-distribution.ch\/?page_id=478"},"modified":"2024-04-05T13:53:15","modified_gmt":"2024-04-05T11:53:15","slug":"prix","status":"publish","type":"page","link":"https:\/\/ppa-distribution.ch\/?page_id=478","title":{"rendered":"Prix"},"content":{"rendered":"<ul>\n<li style=\"list-style-type: none;\">\n<ul>\n<li>\n<h4><span style=\"color: #0000ff;\"><span style=\"color: #ff6600;\">Lavage machine XL: cycle jusqu&rsquo;au max 47 minutes:<\/span> CHF 13.- <span style=\"color: #ff6600;\">(machines 11, 12 et 13)<\/span><br \/>\n<\/span><\/h4>\n<\/li>\n<li>\n<h4><span style=\"color: #0000ff;\"><span style=\"color: #ff6600;\">Lavage machine XXL: cycle jusqu&rsquo;au max 47 minutes:<\/span> CHF 20.- <span style=\"color: #ff6600;\">(machines 14 et 15)<\/span><br \/>\n<\/span><\/h4>\n<\/li>\n<li>\n<h4><span style=\"color: #0000ff;\"><span style=\"color: #ff6600;\">S\u00e9chage: cycle rapide 10 minutes:<\/span> CHF 10.- <span style=\"color: #ff6600;\">(machines 16 et 17), avec possibilit\u00e9 de tripler le temps<\/span><br \/>\n<\/span><\/h4>\n<\/li>\n<li>\n<h4><span style=\"color: #ff6600;\">Pour les articles du <span style=\"color: #0000ff;\">Tout-O-Mat<\/span>, les prix sont affich\u00e9s dans l&rsquo;appareil<\/span><\/h4>\n<\/li>\n<li>\n<h4><a style=\"color: #ff6600;\" href=\"https:\/\/ppa-distribution.ch\/x_docs\/tarifs.pdf?\" target=\"_blank\" rel=\"noopener\">Liste des prix \u00e0 imprimer<\/a><\/h4>\n<\/li>\n<li>\n<h4><a style=\"color: #ff6600;\" href=\"https:\/\/ppa-distribution.ch\/x_docs\/moyens-payement.pdf\" target=\"_blank\" rel=\"noopener\">Moyens de payement<\/a><\/h4>\n<\/li>\n<\/ul>\n<\/li>\n<\/ul>\n<p>&nbsp;<\/p>\n<p><img loading=\"lazy\" decoding=\"async\" class=\"size-full wp-image-483 aligncenter\" src=\"https:\/\/ppa-distribution.ch\/wp-content\/uploads\/2022\/06\/washmaschine-1.jpg\" alt=\"\" width=\"200\" height=\"200\" \/><\/p>\n","protected":false},"excerpt":{"rendered":"<p>Lavage machine XL: cycle jusqu&rsquo;au max 47 minutes: CHF 13.- (machines 11, 12 et 13) Lavage machine XXL: cycle jusqu&rsquo;au max 47 minutes: CHF 20.- (machines 14 et 15) S\u00e9chage: cycle rapide 10 minutes: CHF 10.- (machines 16 et 17), avec possibilit\u00e9 de tripler le temps Pour les articles du Tout-O-Mat, les prix sont affich\u00e9s dans l&rsquo;appareil Liste des prix \u00e0 imprimer Moyens de payement [&hellip;]<\/p>\n","protected":false},"author":1,"featured_media":0,"parent":29,"menu_order":36,"comment_status":"closed","ping_status":"closed","template":"","meta":{"footnotes":""},"class_list":["post-478","page","type-page","status-publish","hentry"],"_links":{"self":[{"href":"https:\/\/ppa-distribution.ch\/index.php?rest_route=\/wp\/v2\/pages\/478","targetHints":{"allow":["GET"]}}],"collection":[{"href":"https:\/\/ppa-distribution.ch\/index.php?rest_route=\/wp\/v2\/pages"}],"about":[{"href":"https:\/\/ppa-distribution.ch\/index.php?rest_route=\/wp\/v2\/types\/page"}],"author":[{"embeddable":true,"href":"https:\/\/ppa-distribution.ch\/index.php?rest_route=\/wp\/v2\/users\/1"}],"replies":[{"embeddable":true,"href":"https:\/\/ppa-distribution.ch\/index.php?rest_route=%2Fwp%2Fv2%2Fcomments&post=478"}],"version-history":[{"count":28,"href":"https:\/\/ppa-distribution.ch\/index.php?rest_route=\/wp\/v2\/pages\/478\/revisions"}],"predecessor-version":[{"id":989,"href":"https:\/\/ppa-distribution.ch\/index.php?rest_route=\/wp\/v2\/pages\/478\/revisions\/989"}],"up":[{"embeddable":true,"href":"https:\/\/ppa-distribution.ch\/index.php?rest_route=\/wp\/v2\/pages\/29"}],"wp:attachment":[{"href":"https:\/\/ppa-distribution.ch\/index.php?rest_route=%2Fwp%2Fv2%2Fmedia&parent=478"}],"curies":[{"name":"wp","href":"https:\/\/api.w.org\/{rel}","templated":true}]}}