{"id":659,"date":"2022-08-06T16:52:59","date_gmt":"2022-08-06T14:52:59","guid":{"rendered":"https:\/\/ppa-distribution.ch\/?page_id=659"},"modified":"2024-06-17T13:54:18","modified_gmt":"2024-06-17T11:54:18","slug":"presentation","status":"publish","type":"page","link":"https:\/\/ppa-distribution.ch\/?page_id=659","title":{"rendered":"Pr\u00e9sentation"},"content":{"rendered":"<h3><span style=\"color: #0000ff;\">Quand profiter de la laverie PPA WASH?<\/span><\/h3>\n<h5 style=\"padding-left: 40px;\"><span style=\"color: #0000ff;\">Lorsque vous travaillez et que <span style=\"color: #ff6600;\">votre jour de lessive<\/span> est en semaine&#8230;<\/span><br \/>\n<span style=\"color: #0000ff;\">Lorsque vous \u00eates <span style=\"color: #ff6600;\">ind\u00e9pendant<\/span> et ne voulez pas tra\u00eener le boulot \u00e0 la maison&#8230;<\/span><br \/>\n<span style=\"color: #0000ff;\">Lorsque vous avez une <span style=\"color: #ff6600;\">coupure d\u2019eau<\/span> ou d\u2019\u00e9lectricit\u00e9&#8230;<\/span><br \/>\n<span style=\"color: #0000ff;\">Lorsque vous allez faire <span style=\"color: #ff6600;\">les courses<\/span> &#8230;<\/span><br \/>\n<span style=\"color: #0000ff;\">Lorsque vous revenez de <span style=\"color: #ff6600;\">la plage<\/span> (laissez <span style=\"color: #ff6600;\">le sable<\/span> chez moi)&#8230;<\/span><br \/>\n<span style=\"color: #0000ff;\">Lorsque vous venez volontiers <span style=\"color: #ff6600;\">visiter PAYERNE<\/span>&#8230;<\/span><br \/>\n<span style=\"color: #0000ff;\">Lorsque vous voyagez <span style=\"color: #ff6600;\">en<\/span> <span style=\"color: #ff6600;\">camping-car<\/span> depuis plusieurs jours&#8230;<\/span><br \/>\n<span style=\"color: #0000ff;\">Une <span style=\"color: #ff6600;\">pause<\/span> ? Une petite <span style=\"color: #ff6600;\">lessive<\/span>? \u00c7a passe bien!<\/span><br \/>\n<span style=\"color: #0000ff;\">Lorsque vous \u00eates <span style=\"color: #ff6600;\">au camping<\/span> et que la machine est r\u00e9serv\u00e9e ou utilis\u00e9e&#8230;<\/span><br \/>\n<span style=\"color: #0000ff;\">A l\u2019occasion d\u2019<span style=\"color: #ff6600;\"><span style=\"color: #0000ff;\">un<\/span> caf\u00e9 avec les amis<\/span> et amies sur des deux \u2013 <span style=\"color: #ff6600;\">trois terrasses proches<\/span>&#8230;<\/span><br \/>\n<span style=\"color: #0000ff;\">Lorsque vous n\u2019avez <span style=\"color: #ff6600;\">pas envie de rester seul \u00e0 la maison<\/span> en attendant que cela se passe&#8230;<\/span><\/h5>\n<p>&nbsp;<\/p>\n<h3><span style=\"color: #ff6600;\">Pour du linge comme&#8230;<\/span><\/h3>\n<h3><span style=\"color: #ff6600;\">&#8230; tout ce qui touche au monde&#8230;<\/span><\/h3>\n<ul>\n<li>\n<h4><span style=\"color: #3366ff;\">&#8230; De la restauration<\/span><\/h4>\n<\/li>\n<li>\n<h4><span style=\"color: #3366ff;\">&#8230; De la boucherie<\/span><\/h4>\n<\/li>\n<li>\n<h4><span style=\"color: #3366ff;\">&#8230; De la boulangerie<\/span><\/h4>\n<\/li>\n<li>\n<h4><span style=\"color: #3366ff;\">&#8230; Du chantier<\/span><\/h4>\n<\/li>\n<li>\n<h4><span style=\"color: #3366ff;\">&#8230; Du camping<\/span><\/h4>\n<\/li>\n<li>\n<h4><span style=\"color: #3366ff;\">&#8230; De la lingerie priv\u00e9e<\/span><\/h4>\n<\/li>\n<li>\n<h4><span style=\"color: #3366ff;\">&#8230; De la literie en g\u00e9n\u00e9ral<\/span><\/h4>\n<\/li>\n<li>\n<h4><span style=\"color: #3366ff;\">&#8230; Du nappage<\/span><\/h4>\n<\/li>\n<li>\n<h4><span style=\"color: #3366ff;\">&#8230; De grande capacit\u00e9<\/span><\/h4>\n<\/li>\n<li>\n<h4><span style=\"color: #3366ff;\">&#8230; Du monde m\u00e9dical et des soins<\/span><\/h4>\n<\/li>\n<li>\n<h4><span style=\"color: #3366ff;\">&#8230; ETC&#8230;<\/span><\/h4>\n<\/li>\n<\/ul>\n<h4><span style=\"color: #ff6600;\">Et ceci uniquement en lavage traditionnel \u00e0 base d&rsquo;eau !<\/span><\/h4>\n<h3><span style=\"color: #ff6600;\">Pas de chimique !<\/span><\/h3>\n<h4><span style=\"color: #3366ff;\">Repassage et\/ou passage en calandre possible aussi sur une base standard \u00e0 la vapeur !<\/span><\/h4>\n<p>&nbsp;<\/p>\n<p><img loading=\"lazy\" decoding=\"async\" class=\"size-full wp-image-544 aligncenter\" src=\"https:\/\/ppa-distribution.ch\/wp-content\/uploads\/2022\/06\/laundry-clipart-2.jpg\" alt=\"\" width=\"405\" height=\"191\" \/><\/p>\n","protected":false},"excerpt":{"rendered":"<p>Quand profiter de la laverie PPA WASH? Lorsque vous travaillez et que votre jour de lessive est en semaine&#8230; Lorsque vous \u00eates ind\u00e9pendant et ne voulez pas tra\u00eener le boulot \u00e0 la maison&#8230; Lorsque vous avez une coupure d\u2019eau ou d\u2019\u00e9lectricit\u00e9&#8230; Lorsque vous allez faire les courses &#8230; Lorsque vous revenez de la plage (laissez le sable chez moi)&#8230; Lorsque vous venez volontiers visiter PAYERNE&#8230; [&hellip;]<\/p>\n","protected":false},"author":1,"featured_media":0,"parent":29,"menu_order":31,"comment_status":"closed","ping_status":"closed","template":"","meta":{"footnotes":""},"class_list":["post-659","page","type-page","status-publish","hentry"],"_links":{"self":[{"href":"https:\/\/ppa-distribution.ch\/index.php?rest_route=\/wp\/v2\/pages\/659","targetHints":{"allow":["GET"]}}],"collection":[{"href":"https:\/\/ppa-distribution.ch\/index.php?rest_route=\/wp\/v2\/pages"}],"about":[{"href":"https:\/\/ppa-distribution.ch\/index.php?rest_route=\/wp\/v2\/types\/page"}],"author":[{"embeddable":true,"href":"https:\/\/ppa-distribution.ch\/index.php?rest_route=\/wp\/v2\/users\/1"}],"replies":[{"embeddable":true,"href":"https:\/\/ppa-distribution.ch\/index.php?rest_route=%2Fwp%2Fv2%2Fcomments&post=659"}],"version-history":[{"count":9,"href":"https:\/\/ppa-distribution.ch\/index.php?rest_route=\/wp\/v2\/pages\/659\/revisions"}],"predecessor-version":[{"id":1040,"href":"https:\/\/ppa-distribution.ch\/index.php?rest_route=\/wp\/v2\/pages\/659\/revisions\/1040"}],"up":[{"embeddable":true,"href":"https:\/\/ppa-distribution.ch\/index.php?rest_route=\/wp\/v2\/pages\/29"}],"wp:attachment":[{"href":"https:\/\/ppa-distribution.ch\/index.php?rest_route=%2Fwp%2Fv2%2Fmedia&parent=659"}],"curies":[{"name":"wp","href":"https:\/\/api.w.org\/{rel}","templated":true}]}}