{"id":76,"date":"2021-10-27T11:47:52","date_gmt":"2021-10-27T09:47:52","guid":{"rendered":"https:\/\/ppa-distribution.ch\/?page_id=76"},"modified":"2024-03-04T02:08:23","modified_gmt":"2024-03-04T01:08:23","slug":"shop","status":"publish","type":"page","link":"https:\/\/ppa-distribution.ch\/?page_id=76","title":{"rendered":"PPA Shop"},"content":{"rendered":"<h3><span style=\"color: #ff6600;\">Pour vous&#8230;<\/span><\/h3>\n<ul>\n<li>\n<h5><span style=\"color: #3366ff;\">Gants de protection<\/span><\/h5>\n<\/li>\n<li>\n<h5><span style=\"color: #3366ff;\">V\u00eatements de protection et de visibilit\u00e9)<\/span><\/h5>\n<\/li>\n<li>\n<h5><span style=\"color: #3366ff;\">Lunettes de protection (aussi corrective)<\/span><\/h5>\n<\/li>\n<li>\n<h5><span style=\"color: #3366ff;\">Casques<\/span><\/h5>\n<\/li>\n<li>\n<h5><span style=\"color: #3366ff;\">Protection du visage<\/span><\/h5>\n<\/li>\n<li>\n<h5><span style=\"color: #3366ff;\">Chaussures de protection (de s\u00e9curit\u00e9) &#8211; (aussi pour Femme d\u00e8s la taille 36)<\/span><\/h5>\n<\/li>\n<li>\n<h5><span style=\"color: #3366ff;\">Bottes de travail (aussi de s\u00e9curit\u00e9)<\/span><\/h5>\n<\/li>\n<li>\n<h5><span style=\"color: #3366ff;\">Protection de l&rsquo;ou\u00efe<\/span><\/h5>\n<\/li>\n<li>\n<h5><span style=\"color: #3366ff;\">Masques<\/span><\/h5>\n<\/li>\n<li>\n<h5><span style=\"color: #3366ff;\">Et tout autre mat\u00e9riel de protection (Anti-chute, Chimique etc.)<\/span><\/h5>\n<\/li>\n<\/ul>\n<h3 style=\"text-align: center;\">-&gt;<span style=\"color: #ff6600;\"><a style=\"color: #ff6600;\" href=\"https:\/\/ppa-distribution.ch\/?page_id=40\">Catalogue<\/a><\/span>&lt;-<\/h3>\n<p>&nbsp;<\/p>\n<p>&nbsp;<\/p>\n","protected":false},"excerpt":{"rendered":"<p>Pour vous&#8230; Gants de protection V\u00eatements de protection et de visibilit\u00e9) Lunettes de protection (aussi corrective) Casques Protection du visage Chaussures de protection (de s\u00e9curit\u00e9) &#8211; (aussi pour Femme d\u00e8s la taille 36) Bottes de travail (aussi de s\u00e9curit\u00e9) Protection de l&rsquo;ou\u00efe Masques Et tout autre mat\u00e9riel de protection (Anti-chute, Chimique etc.) -&gt;Catalogue&lt;- &nbsp; &nbsp;<\/p>\n","protected":false},"author":1,"featured_media":0,"parent":0,"menu_order":0,"comment_status":"closed","ping_status":"closed","template":"template-full-width.php","meta":{"footnotes":""},"class_list":["post-76","page","type-page","status-publish","hentry"],"_links":{"self":[{"href":"https:\/\/ppa-distribution.ch\/index.php?rest_route=\/wp\/v2\/pages\/76","targetHints":{"allow":["GET"]}}],"collection":[{"href":"https:\/\/ppa-distribution.ch\/index.php?rest_route=\/wp\/v2\/pages"}],"about":[{"href":"https:\/\/ppa-distribution.ch\/index.php?rest_route=\/wp\/v2\/types\/page"}],"author":[{"embeddable":true,"href":"https:\/\/ppa-distribution.ch\/index.php?rest_route=\/wp\/v2\/users\/1"}],"replies":[{"embeddable":true,"href":"https:\/\/ppa-distribution.ch\/index.php?rest_route=%2Fwp%2Fv2%2Fcomments&post=76"}],"version-history":[{"count":22,"href":"https:\/\/ppa-distribution.ch\/index.php?rest_route=\/wp\/v2\/pages\/76\/revisions"}],"predecessor-version":[{"id":978,"href":"https:\/\/ppa-distribution.ch\/index.php?rest_route=\/wp\/v2\/pages\/76\/revisions\/978"}],"wp:attachment":[{"href":"https:\/\/ppa-distribution.ch\/index.php?rest_route=%2Fwp%2Fv2%2Fmedia&parent=76"}],"curies":[{"name":"wp","href":"https:\/\/api.w.org\/{rel}","templated":true}]}}