{"id":853,"date":"2023-09-01T11:38:39","date_gmt":"2023-09-01T09:38:39","guid":{"rendered":"https:\/\/ppa-distribution.ch\/?page_id=853"},"modified":"2023-09-29T12:26:33","modified_gmt":"2023-09-29T10:26:33","slug":"espaces-publicitaires","status":"publish","type":"page","link":"https:\/\/ppa-distribution.ch\/?page_id=853","title":{"rendered":"Espaces publicitaires"},"content":{"rendered":"<h4 style=\"text-align: center;\"><span style=\"color: #3366ff;\">Lors d&rsquo;un cycle de lavage&#8230;<\/span><br \/>\n<span style=\"color: #3366ff;\">les clients attendent pour la plupart assis en face des machines durant<\/span><br \/>\n<span style=\"color: #ff6600;\">47 Minutes<\/span><br \/>\n<span style=\"color: #3366ff;\">Et&#8230;, lors d&rsquo;un cycle de s\u00e9chage, durant<\/span><br \/>\n<span style=\"color: #ff6600;\">15 \u00e0 30 minutes<\/span><br \/>\n<span style=\"color: #ff6600;\">en face de votre publicit\u00e9 !<\/span><\/h4>\n<h4 style=\"text-align: left;\"><\/h4>\n<p>&nbsp;<\/p>\n<h4 style=\"text-align: center;\"><span style=\"color: #3366ff;\">Consultez les documents ci-dessous pour en savoir davantage&#8230;<\/span><\/h4>\n<ul>\n<li>\n<h5 style=\"text-align: left;\"><a style=\"color: #ff6600;\" href=\"https:\/\/ppa-distribution.ch\/x_docs\/Dossier-sponsoring-publicitaire_2023.pdf\" target=\"_blank\" rel=\"noopener\">Dossier sponsoring publicitaire<\/a><\/h5>\n<\/li>\n<li>\n<h5 style=\"text-align: left;\"><a style=\"color: #ff6600;\" href=\"https:\/\/ppa-distribution.ch\/x_docs\/Dossier-pub_Bon-commande_2023.pdf\" target=\"_blank\" rel=\"noopener\">Bon de commande<\/a><span style=\"color: #3366ff;\"> (\u00e0 imprimer et signer)<\/span><\/h5>\n<\/li>\n<\/ul>\n<p>&nbsp;<\/p>\n<p><img loading=\"lazy\" decoding=\"async\" class=\"aligncenter wp-image-910\" src=\"https:\/\/ppa-distribution.ch\/wp-content\/uploads\/2023\/09\/espace-publ_premier-plan-300x259.jpg\" alt=\"\" width=\"500\" height=\"432\" srcset=\"https:\/\/ppa-distribution.ch\/wp-content\/uploads\/2023\/09\/espace-publ_premier-plan-300x259.jpg 300w, https:\/\/ppa-distribution.ch\/wp-content\/uploads\/2023\/09\/espace-publ_premier-plan-1024x885.jpg 1024w, https:\/\/ppa-distribution.ch\/wp-content\/uploads\/2023\/09\/espace-publ_premier-plan-768x664.jpg 768w, https:\/\/ppa-distribution.ch\/wp-content\/uploads\/2023\/09\/espace-publ_premier-plan.jpg 1086w\" sizes=\"auto, (max-width: 500px) 100vw, 500px\" \/><\/p>\n","protected":false},"excerpt":{"rendered":"<p>Lors d&rsquo;un cycle de lavage&#8230; les clients attendent pour la plupart assis en face des machines durant 47 Minutes Et&#8230;, lors d&rsquo;un cycle de s\u00e9chage, durant 15 \u00e0 30 minutes en face de votre publicit\u00e9 ! &nbsp; Consultez les documents ci-dessous pour en savoir davantage&#8230; Dossier sponsoring publicitaire Bon de commande (\u00e0 imprimer et signer) &nbsp;<\/p>\n","protected":false},"author":1,"featured_media":0,"parent":29,"menu_order":200,"comment_status":"closed","ping_status":"closed","template":"","meta":{"footnotes":""},"class_list":["post-853","page","type-page","status-publish","hentry"],"_links":{"self":[{"href":"https:\/\/ppa-distribution.ch\/index.php?rest_route=\/wp\/v2\/pages\/853","targetHints":{"allow":["GET"]}}],"collection":[{"href":"https:\/\/ppa-distribution.ch\/index.php?rest_route=\/wp\/v2\/pages"}],"about":[{"href":"https:\/\/ppa-distribution.ch\/index.php?rest_route=\/wp\/v2\/types\/page"}],"author":[{"embeddable":true,"href":"https:\/\/ppa-distribution.ch\/index.php?rest_route=\/wp\/v2\/users\/1"}],"replies":[{"embeddable":true,"href":"https:\/\/ppa-distribution.ch\/index.php?rest_route=%2Fwp%2Fv2%2Fcomments&post=853"}],"version-history":[{"count":29,"href":"https:\/\/ppa-distribution.ch\/index.php?rest_route=\/wp\/v2\/pages\/853\/revisions"}],"predecessor-version":[{"id":912,"href":"https:\/\/ppa-distribution.ch\/index.php?rest_route=\/wp\/v2\/pages\/853\/revisions\/912"}],"up":[{"embeddable":true,"href":"https:\/\/ppa-distribution.ch\/index.php?rest_route=\/wp\/v2\/pages\/29"}],"wp:attachment":[{"href":"https:\/\/ppa-distribution.ch\/index.php?rest_route=%2Fwp%2Fv2%2Fmedia&parent=853"}],"curies":[{"name":"wp","href":"https:\/\/api.w.org\/{rel}","templated":true}]}}